{"id":2897,"date":"2025-07-23T17:24:55","date_gmt":"2025-07-23T15:24:55","guid":{"rendered":"https:\/\/new.praxamed.ch\/datenschutz\/"},"modified":"2025-09-24T10:50:37","modified_gmt":"2025-09-24T08:50:37","slug":"protection-des-donnees","status":"publish","type":"page","link":"https:\/\/praxamed.ch\/fr\/protection-des-donnees\/","title":{"rendered":"Protection des donn\u00e9es"},"content":{"rendered":"\t\t<div data-elementor-type=\"wp-page\" data-elementor-id=\"2897\" class=\"elementor elementor-2897 elementor-792\" data-elementor-post-type=\"page\">\n\t\t\t\t<div class=\"elementor-element elementor-element-a0722e3 e-flex e-con-boxed e-con e-parent\" data-id=\"a0722e3\" data-element_type=\"container\" data-e-type=\"container\">\n\t\t\t\t\t<div class=\"e-con-inner\">\n\t\t<div class=\"elementor-element elementor-element-01c1018 e-con-full e-flex e-con e-child\" data-id=\"01c1018\" data-element_type=\"container\" data-e-type=\"container\">\n\t\t\t\t<div class=\"elementor-element elementor-element-0af66f5 elementor-widget elementor-widget-text-editor\" data-id=\"0af66f5\" data-element_type=\"widget\" data-e-type=\"widget\" data-widget_type=\"text-editor.default\">\n\t\t\t\t<div class=\"elementor-widget-container\">\n\t\t\t\t\t\t\t\t\t<h3><strong>Protection des donn\u00e9es<\/strong><\/h3>\n<div class=\"header-container-small bgc-blue-shade2\">\n<div class=\"content-width\">\n<p><span style=\"font-size: 16px;\">En vertu de l&rsquo;article 13 de la Constitution f\u00e9d\u00e9rale suisse et des dispositions f\u00e9d\u00e9rales relatives \u00e0 la protection des donn\u00e9es (loi sur la protection des donn\u00e9es, LPD), toute personne a droit \u00e0 la protection de sa sph\u00e8re priv\u00e9e ainsi qu&rsquo;\u00e0 la protection contre l&#8217;emploi abusif de ses donn\u00e9es personnelles. Nous respectons ces dispositions. Les donn\u00e9es personnelles sont trait\u00e9es de mani\u00e8re strictement confidentielle et ne sont ni vendues ni transmises \u00e0 des tiers.  <\/span><\/p>\n<\/div>\n<\/div>\n<div class=\"text-box\">\n<div class=\"content-width\">\n<div class=\"textcontent-width\">\n<p>En \u00e9troite collaboration avec nos h\u00e9bergeurs, nous nous effor\u00e7ons de prot\u00e9ger autant que possible les bases de donn\u00e9es contre les acc\u00e8s \u00e9trangers, les pertes, les abus ou les falsifications.<\/p>\n<p>Lors de l&rsquo;acc\u00e8s \u00e0 nos pages web, les donn\u00e9es suivantes sont enregistr\u00e9es dans des fichiers journaux : Adresse IP, date, heure, demande de navigateur et informations g\u00e9n\u00e9rales transmises sur le syst\u00e8me d&rsquo;exploitation ou le navigateur. Ces donn\u00e9es d&rsquo;utilisation constituent la base d&rsquo;\u00e9valuations statistiques anonymes, de sorte que des tendances sont identifiables, \u00e0 l&rsquo;aide desquelles nous pouvons am\u00e9liorer nos offres en cons\u00e9quence.   <\/p>\n<p><strong>D\u00e9claration de protection des donn\u00e9es pour l&rsquo;utilisation de Google Analytics<\/strong><br>Ce site web utilise Google Analytics, un service d&rsquo;analyse web de Google Inc. (\u00ab\u00a0Google\u00a0\u00bb). Google Analytics utilise des \u00ab\u00a0cookies\u00a0\u00bb, des fichiers texte qui sont enregistr\u00e9s sur votre ordinateur et qui permettent d&rsquo;analyser votre utilisation du site web. Les informations g\u00e9n\u00e9r\u00e9es par le cookie concernant votre utilisation de ce site web sont g\u00e9n\u00e9ralement transmises \u00e0 un serveur de Google aux \u00c9tats-Unis et y sont enregistr\u00e9es. Toutefois, si l&rsquo;anonymisation IP est activ\u00e9e sur ce site, votre adresse IP sera pr\u00e9alablement abr\u00e9g\u00e9e par Google dans les \u00c9tats membres de l&rsquo;Union europ\u00e9enne ou dans d&rsquo;autres \u00c9tats parties \u00e0 l&rsquo;accord sur l&rsquo;Espace \u00e9conomique europ\u00e9en.    <\/p>\n<p>Ce n&rsquo;est que dans des cas exceptionnels que l&rsquo;adresse IP compl\u00e8te est transmise \u00e0 un serveur de Google aux \u00c9tats-Unis et y est abr\u00e9g\u00e9e. Google utilisera cette information dans le but d&rsquo;\u00e9valuer votre utilisation du site, de compiler des rapports sur l&rsquo;activit\u00e9 du site \u00e0 destination de son \u00e9diteur et de fournir d&rsquo;autres services relatifs \u00e0 l&rsquo;activit\u00e9 du site et \u00e0 l&rsquo;utilisation d&rsquo;Internet. Le cas \u00e9ch\u00e9ant, Google transmettra \u00e9galement ces informations \u00e0 des tiers, dans la mesure o\u00f9 cela est prescrit par la loi ou si des tiers traitent ces donn\u00e9es pour le compte de Google. L&rsquo;adresse IP transmise par votre navigateur dans le cadre de Google Analytics ne sera pas recoup\u00e9e avec d&rsquo;autres donn\u00e9es de Google.   <\/p>\n<p>Vous pouvez emp\u00eacher l&rsquo;installation des cookies en param\u00e9trant votre navigateur en cons\u00e9quence ; nous attirons toutefois votre attention sur le fait que, dans ce cas, vous ne pourrez peut-\u00eatre pas utiliser toutes les fonctions de ce site web dans leur int\u00e9gralit\u00e9. En utilisant ce site web, vous acceptez que les donn\u00e9es collect\u00e9es \u00e0 votre sujet par Google soient trait\u00e9es de la mani\u00e8re et aux fins d\u00e9crites ci-dessus. <\/p>\n<p class=\"p1\"><strong>Privacy Statement<br><\/strong>Cette d\u00e9claration (Privacy Policy) est valable pour le site www.praxamed.ch. Les donn\u00e9es personnelles ne sont trait\u00e9es que dans la mesure o\u00f9 elles sont directement saisies par une personne (entre autres commandes, demandes, formulaires). Il s&rsquo;agit des cat\u00e9gories de donn\u00e9es suivantes : Nom, pr\u00e9nom, adresse compl\u00e8te, adresse e-mail, num\u00e9ro de t\u00e9l\u00e9phone et remarques saisies par une personne. Les donn\u00e9es ne sont utilis\u00e9es que dans le but indiqu\u00e9. Pour toute question concernant la Privacy Policy, veuillez vous adresser \u00e0 Contact. Vous avez un droit d&rsquo;acc\u00e8s \u00e0 toutes les donn\u00e9es qui vous concernent (\u00a7 20 alin\u00e9a 2 IDG).     <\/p>\n<p class=\"p1\"><strong>Donn\u00e9es clients<\/strong><br>Pour que vous puissiez commander, obtenir ou adapter des prestations de notre part via Internet, nous devons \u00e9galement saisir des donn\u00e9es vous concernant. Ce n&rsquo;est qu&rsquo;ainsi que nous pouvons adapter et am\u00e9liorer en permanence nos prestations \u00e0 vos besoins. <\/p>\n<p>Lorsque vous visitez notre site web ou lisez nos e-mails marketing, nous enregistrons diff\u00e9rentes informations. Vous fournissez vous-m\u00eame certaines donn\u00e9es lors de l&rsquo;enregistrement pour des services, par exemple votre nom, votre adresse et vos domaines d&rsquo;int\u00e9r\u00eat. D&rsquo;autres donn\u00e9es, non personnelles, sont enregistr\u00e9es en raison de processus techniques, par exemple les adresses IP. Vous communiquez d&rsquo;autres donn\u00e9es dans la mesure o\u00f9 vous utilisez certains services, par exemple lorsque vous commandez des marchandises ou des services ou lorsque vous prenez contact directement avec nous.   <\/p>\n<p class=\"p1\"><strong>Relations commerciales avec des tiers<\/strong><br>Notre site web et nos e-mails marketing contiennent des liens vers d&rsquo;autres sites web. Nous n&rsquo;avons aucune influence sur la mani\u00e8re dont les fournisseurs de ces sites li\u00e9s traitent les informations affich\u00e9es sur ces pages. Si vous avez des questions, veuillez prendre contact directement avec ces tiers. Nous ne sommes pas responsables du respect des dispositions relatives \u00e0 la protection des donn\u00e9es ou du contenu de ces sites.   <\/p>\n<p><strong>Cookies<\/strong><br>Dans certains cas, nous utilisons des cookies. Un cookie est un petit fichier envoy\u00e9 par le serveur web \u00e0 votre navigateur Internet et enregistr\u00e9 sur votre ordinateur. Cela nous permet de vous reconna\u00eetre lors de votre prochaine visite. Les cookies et autres techniques similaires sont \u00e9galement utilis\u00e9s pour permettre certains processus, services et transactions, par exemple lorsque vous utilisez un panier virtuel dans un centre commercial \u00e9lectronique sur Internet. Vous pouvez configurer votre navigateur de mani\u00e8re \u00e0 ce qu&rsquo;un avertissement s&rsquo;affiche \u00e0 l&rsquo;\u00e9cran avant l&rsquo;enregistrement d&rsquo;un cookie ou \u00e0 ce que l&rsquo;installation de cookies soit impossible. Vous pouvez \u00e9galement renoncer aux avantages des cookies personnels. Dans ce cas, certains services ne pourront toutefois pas \u00eatre utilis\u00e9s.      <\/p>\n<p><strong>Utilisation et transmission des donn\u00e9es<\/strong><br>Nous traitons vos donn\u00e9es pour vous fournir nos services. En tant que client(e), vous acceptez que nous utilisions et traitions vos donn\u00e9es \u00e0 des fins de marketing. <\/p>\n<p><strong>Google Analytics<\/strong><br>Ce site web utilise Google Analytics, un service d&rsquo;analyse web de Google Inc. Google Analytics utilise des \u00ab\u00a0cookies\u00a0\u00bb, des fichiers texte qui sont enregistr\u00e9s sur votre ordinateur et qui permettent d&rsquo;analyser votre utilisation du site web. Les informations g\u00e9n\u00e9r\u00e9es par le cookie concernant votre utilisation de ce site web (y compris votre adresse IP) sont transmises \u00e0 un serveur de Google aux Etats-Unis et y sont enregistr\u00e9es. Google utilisera cette information dans le but d&rsquo;\u00e9valuer votre utilisation du site, de compiler des rapports sur l&rsquo;activit\u00e9 du site \u00e0 destination de son \u00e9diteur et de fournir d&rsquo;autres services relatifs \u00e0 l&rsquo;activit\u00e9 du site et \u00e0 l&rsquo;utilisation d&rsquo;Internet. Le cas \u00e9ch\u00e9ant, Google transmettra \u00e9galement ces informations \u00e0 des tiers, dans la mesure o\u00f9 cela est prescrit par la loi ou si des tiers traitent ces donn\u00e9es pour le compte de Google. Google n&rsquo;associera en aucun cas votre adresse IP \u00e0 d&rsquo;autres donn\u00e9es enregistr\u00e9es par Google. Vous pouvez emp\u00eacher l&rsquo;installation des cookies en param\u00e9trant votre navigateur en cons\u00e9quence ; nous attirons toutefois votre attention sur le fait que, dans ce cas, vous ne pourrez peut-\u00eatre pas utiliser toutes les fonctions de ce site web dans leur int\u00e9gralit\u00e9. En utilisant ce site web, vous acceptez que les donn\u00e9es collect\u00e9es \u00e0 votre sujet par Google soient trait\u00e9es de la mani\u00e8re et aux fins d\u00e9crites ci-dessus.<\/p>\n<p><strong>Modifications<\/strong><br>Nous nous r\u00e9servons le droit de modifier notre site web \u00e0 tout moment.<\/p>\n<\/div>\n<\/div>\n<\/div>\t\t\t\t\t\t\t\t<\/div>\n\t\t\t\t<\/div>\n\t\t\t\t<\/div>\n\t\t\t\t<div class=\"elementor-element elementor-element-ad23677 elementor-widget-divider--view-line elementor-widget elementor-widget-divider\" data-id=\"ad23677\" data-element_type=\"widget\" data-e-type=\"widget\" data-widget_type=\"divider.default\">\n\t\t\t\t<div class=\"elementor-widget-container\">\n\t\t\t\t\t\t\t<div class=\"elementor-divider\">\n\t\t\t<span class=\"elementor-divider-separator\">\n\t\t\t\t\t\t<\/span>\n\t\t<\/div>\n\t\t\t\t\t\t<\/div>\n\t\t\t\t<\/div>\n\t\t\t\t\t<\/div>\n\t\t\t\t<\/div>\n\t\t\t\t<\/div>\n\t\t","protected":false},"excerpt":{"rendered":"<p>Protection des donn\u00e9es En vertu de l&rsquo;article 13 de la Constitution f\u00e9d\u00e9rale suisse et des dispositions f\u00e9d\u00e9rales relatives \u00e0 la protection des donn\u00e9es (loi sur la protection des donn\u00e9es, LPD), toute personne a droit \u00e0 la protection de sa sph\u00e8re priv\u00e9e ainsi qu&rsquo;\u00e0 la protection contre l&#8217;emploi abusif de ses donn\u00e9es personnelles. Nous respectons ces [&hellip;]<\/p>\n","protected":false},"author":5,"featured_media":0,"parent":0,"menu_order":0,"comment_status":"closed","ping_status":"closed","template":"","meta":{"_acf_changed":false,"footnotes":""},"class_list":["post-2897","page","type-page","status-publish","hentry"],"acf":[],"aioseo_notices":[],"_links":{"self":[{"href":"https:\/\/praxamed.ch\/fr\/wp-json\/wp\/v2\/pages\/2897","targetHints":{"allow":["GET"]}}],"collection":[{"href":"https:\/\/praxamed.ch\/fr\/wp-json\/wp\/v2\/pages"}],"about":[{"href":"https:\/\/praxamed.ch\/fr\/wp-json\/wp\/v2\/types\/page"}],"author":[{"embeddable":true,"href":"https:\/\/praxamed.ch\/fr\/wp-json\/wp\/v2\/users\/5"}],"replies":[{"embeddable":true,"href":"https:\/\/praxamed.ch\/fr\/wp-json\/wp\/v2\/comments?post=2897"}],"version-history":[{"count":3,"href":"https:\/\/praxamed.ch\/fr\/wp-json\/wp\/v2\/pages\/2897\/revisions"}],"predecessor-version":[{"id":3916,"href":"https:\/\/praxamed.ch\/fr\/wp-json\/wp\/v2\/pages\/2897\/revisions\/3916"}],"wp:attachment":[{"href":"https:\/\/praxamed.ch\/fr\/wp-json\/wp\/v2\/media?parent=2897"}],"curies":[{"name":"wp","href":"https:\/\/api.w.org\/{rel}","templated":true}]}}