{"id":5113,"date":"2026-03-05T08:39:17","date_gmt":"2026-03-05T07:39:17","guid":{"rendered":"https:\/\/praxamed.ch\/bourse-aux-cabinets-medicaux\/"},"modified":"2026-03-31T08:59:24","modified_gmt":"2026-03-31T06:59:24","slug":"bourse-aux-cabinets-medicaux","status":"publish","type":"page","link":"https:\/\/praxamed.ch\/fr\/bourse-aux-cabinets-medicaux\/","title":{"rendered":"Bourse aux cabinets m\u00e9dicaux"},"content":{"rendered":"\t\t<div data-elementor-type=\"wp-page\" data-elementor-id=\"5113\" class=\"elementor elementor-5113 elementor-4364\" data-elementor-post-type=\"page\">\n\t\t\t\t<div class=\"elementor-element elementor-element-47c6d2c e-flex e-con-boxed e-con e-parent\" data-id=\"47c6d2c\" data-element_type=\"container\" data-e-type=\"container\">\n\t\t\t\t\t<div class=\"e-con-inner\">\n\t\t\t\t<div class=\"elementor-element elementor-element-6fa056b elementor-widget elementor-widget-heading\" data-id=\"6fa056b\" data-element_type=\"widget\" data-e-type=\"widget\" data-widget_type=\"heading.default\">\n\t\t\t\t<div class=\"elementor-widget-container\">\n\t\t\t\t\t<p class=\"elementor-heading-title elementor-size-default\">Cabinets m\u00e9dicaux rigoureusement s\u00e9lectionn\u00e9s \u00e0 vendre, offrant des perspectives de croissance<\/p>\t\t\t\t<\/div>\n\t\t\t\t<\/div>\n\t\t\t\t<div class=\"elementor-element elementor-element-b260c6e elementor-widget elementor-widget-heading\" data-id=\"b260c6e\" data-element_type=\"widget\" data-e-type=\"widget\" data-widget_type=\"heading.default\">\n\t\t\t\t<div class=\"elementor-widget-container\">\n\t\t\t\t\t<h1 class=\"elementor-heading-title elementor-size-default\">Bourse aux cabinets m\u00e9dicaux<\/h1>\t\t\t\t<\/div>\n\t\t\t\t<\/div>\n\t\t\t\t\t<\/div>\n\t\t\t\t<\/div>\n\t\t<div class=\"elementor-element elementor-element-e2ae7b7 e-flex e-con-boxed e-con e-parent\" data-id=\"e2ae7b7\" data-element_type=\"container\" data-e-type=\"container\">\n\t\t\t\t\t<div class=\"e-con-inner\">\n\t\t\t\t<div class=\"elementor-element elementor-element-96acb41 elementor-grid-1 elementor-grid-tablet-2 elementor-grid-mobile-1 elementor-widget elementor-widget-loop-grid\" data-id=\"96acb41\" data-element_type=\"widget\" data-e-type=\"widget\" data-settings=\"{&quot;template_id&quot;:5014,&quot;columns&quot;:1,&quot;_skin&quot;:&quot;post&quot;,&quot;columns_tablet&quot;:&quot;2&quot;,&quot;columns_mobile&quot;:&quot;1&quot;,&quot;edit_handle_selector&quot;:&quot;[data-elementor-type=\\&quot;loop-item\\&quot;]&quot;,&quot;row_gap&quot;:{&quot;unit&quot;:&quot;px&quot;,&quot;size&quot;:&quot;&quot;,&quot;sizes&quot;:[]},&quot;row_gap_laptop&quot;:{&quot;unit&quot;:&quot;px&quot;,&quot;size&quot;:&quot;&quot;,&quot;sizes&quot;:[]},&quot;row_gap_tablet&quot;:{&quot;unit&quot;:&quot;px&quot;,&quot;size&quot;:&quot;&quot;,&quot;sizes&quot;:[]},&quot;row_gap_mobile&quot;:{&quot;unit&quot;:&quot;px&quot;,&quot;size&quot;:&quot;&quot;,&quot;sizes&quot;:[]}}\" data-widget_type=\"loop-grid.post\">\n\t\t\t\t<div class=\"elementor-widget-container\">\n\t\t\t\t\t\t\t<div class=\"elementor-loop-container elementor-grid\" role=\"list\">\n\t\t<style id=\"loop-5014\">.elementor-5014 .elementor-element.elementor-element-5182ad5{--display:flex;--flex-direction:row;--container-widget-width:initial;--container-widget-height:100%;--container-widget-flex-grow:1;--container-widget-align-self:stretch;--flex-wrap-mobile:wrap;--gap:3rem 3rem;--row-gap:3rem;--column-gap:3rem;--border-radius:0.5rem 0.5rem 0.5rem 0.5rem;--padding-top:1.5rem;--padding-bottom:1.5rem;--padding-left:1.5rem;--padding-right:1.5rem;--e-con-transform-transition-duration:300ms;}.elementor-5014 .elementor-element.elementor-element-5182ad5:not(.elementor-motion-effects-element-type-background), .elementor-5014 .elementor-element.elementor-element-5182ad5 > .elementor-motion-effects-container > .elementor-motion-effects-layer{background-color:var( --e-global-color-ae49eae );}.elementor-5014 .elementor-element.elementor-element-5182ad5:hover{box-shadow:0px 8px 48px 0px rgba(0, 0, 0, 0.05);}.elementor-5014 .elementor-element.elementor-element-05eaf93{text-align:start;}.elementor-5014 .elementor-element.elementor-element-05eaf93 img{width:160px;}.elementor-5014 .elementor-element.elementor-element-05eaf93.elementor-element{--flex-grow:0;--flex-shrink:0;}.elementor-5014 .elementor-element.elementor-element-3616729{--display:flex;--justify-content:center;--gap:0.25rem 0.25rem;--row-gap:0.25rem;--column-gap:0.25rem;}.elementor-5014 .elementor-element.elementor-element-3073899{text-align:start;}.elementor-5014 .elementor-element.elementor-element-3073899 .elementor-heading-title{font-family:var( --e-global-typography-8cfe2cc-font-family ), Sans-serif;font-size:var( --e-global-typography-8cfe2cc-font-size );font-weight:var( --e-global-typography-8cfe2cc-font-weight );line-height:var( --e-global-typography-8cfe2cc-line-height );letter-spacing:var( --e-global-typography-8cfe2cc-letter-spacing );word-spacing:var( --e-global-typography-8cfe2cc-word-spacing );color:var( --e-global-color-primary );}.elementor-5014 .elementor-element.elementor-element-50453fe .elementor-icon-list-items:not(.elementor-inline-items) .elementor-icon-list-item:not(:last-child){padding-bottom:calc(1rem\/2);}.elementor-5014 .elementor-element.elementor-element-50453fe .elementor-icon-list-items:not(.elementor-inline-items) .elementor-icon-list-item:not(:first-child){margin-top:calc(1rem\/2);}.elementor-5014 .elementor-element.elementor-element-50453fe .elementor-icon-list-items.elementor-inline-items .elementor-icon-list-item{margin-right:calc(1rem\/2);margin-left:calc(1rem\/2);}.elementor-5014 .elementor-element.elementor-element-50453fe .elementor-icon-list-items.elementor-inline-items{margin-right:calc(-1rem\/2);margin-left:calc(-1rem\/2);}body.rtl .elementor-5014 .elementor-element.elementor-element-50453fe .elementor-icon-list-items.elementor-inline-items .elementor-icon-list-item:after{left:calc(-1rem\/2);}body:not(.rtl) .elementor-5014 .elementor-element.elementor-element-50453fe .elementor-icon-list-items.elementor-inline-items .elementor-icon-list-item:after{right:calc(-1rem\/2);}.elementor-5014 .elementor-element.elementor-element-50453fe .elementor-icon-list-item:not(:last-child):after{content:\"\";height:16px;border-color:#5A798766;}.elementor-5014 .elementor-element.elementor-element-50453fe .elementor-icon-list-items:not(.elementor-inline-items) .elementor-icon-list-item:not(:last-child):after{border-top-style:solid;border-top-width:1px;}.elementor-5014 .elementor-element.elementor-element-50453fe .elementor-icon-list-items.elementor-inline-items .elementor-icon-list-item:not(:last-child):after{border-left-style:solid;}.elementor-5014 .elementor-element.elementor-element-50453fe .elementor-inline-items .elementor-icon-list-item:not(:last-child):after{border-left-width:1px;}.elementor-5014 .elementor-element.elementor-element-50453fe .elementor-icon-list-icon{width:14px;}.elementor-5014 .elementor-element.elementor-element-50453fe .elementor-icon-list-icon i{font-size:14px;}.elementor-5014 .elementor-element.elementor-element-50453fe .elementor-icon-list-icon svg{--e-icon-list-icon-size:14px;}body:not(.rtl) .elementor-5014 .elementor-element.elementor-element-50453fe .elementor-icon-list-text{padding-left:0px;}body.rtl .elementor-5014 .elementor-element.elementor-element-50453fe .elementor-icon-list-text{padding-right:0px;}.elementor-5014 .elementor-element.elementor-element-50453fe .elementor-icon-list-text, .elementor-5014 .elementor-element.elementor-element-50453fe .elementor-icon-list-text a{color:var( --e-global-color-text );}.elementor-5014 .elementor-element.elementor-element-50453fe .elementor-icon-list-item{font-family:var( --e-global-typography-f18937b-font-family ), Sans-serif;font-size:var( --e-global-typography-f18937b-font-size );font-weight:var( --e-global-typography-f18937b-font-weight );line-height:var( --e-global-typography-f18937b-line-height );letter-spacing:var( --e-global-typography-f18937b-letter-spacing );word-spacing:var( --e-global-typography-f18937b-word-spacing );}.elementor-5014 .elementor-element.elementor-element-15a7f15 .elementor-icon-list-items:not(.elementor-inline-items) .elementor-icon-list-item:not(:last-child){padding-bottom:calc(1rem\/2);}.elementor-5014 .elementor-element.elementor-element-15a7f15 .elementor-icon-list-items:not(.elementor-inline-items) .elementor-icon-list-item:not(:first-child){margin-top:calc(1rem\/2);}.elementor-5014 .elementor-element.elementor-element-15a7f15 .elementor-icon-list-items.elementor-inline-items .elementor-icon-list-item{margin-right:calc(1rem\/2);margin-left:calc(1rem\/2);}.elementor-5014 .elementor-element.elementor-element-15a7f15 .elementor-icon-list-items.elementor-inline-items{margin-right:calc(-1rem\/2);margin-left:calc(-1rem\/2);}body.rtl .elementor-5014 .elementor-element.elementor-element-15a7f15 .elementor-icon-list-items.elementor-inline-items .elementor-icon-list-item:after{left:calc(-1rem\/2);}body:not(.rtl) .elementor-5014 .elementor-element.elementor-element-15a7f15 .elementor-icon-list-items.elementor-inline-items .elementor-icon-list-item:after{right:calc(-1rem\/2);}.elementor-5014 .elementor-element.elementor-element-15a7f15 .elementor-icon-list-icon{width:14px;}.elementor-5014 .elementor-element.elementor-element-15a7f15 .elementor-icon-list-icon i{font-size:14px;}.elementor-5014 .elementor-element.elementor-element-15a7f15 .elementor-icon-list-icon svg{--e-icon-list-icon-size:14px;}body:not(.rtl) .elementor-5014 .elementor-element.elementor-element-15a7f15 .elementor-icon-list-text{padding-left:0px;}body.rtl .elementor-5014 .elementor-element.elementor-element-15a7f15 .elementor-icon-list-text{padding-right:0px;}.elementor-5014 .elementor-element.elementor-element-15a7f15 .elementor-icon-list-text, .elementor-5014 .elementor-element.elementor-element-15a7f15 .elementor-icon-list-text a{color:var( --e-global-color-text );}.elementor-5014 .elementor-element.elementor-element-15a7f15 .elementor-icon-list-item{font-family:var( --e-global-typography-f18937b-font-family ), Sans-serif;font-size:var( --e-global-typography-f18937b-font-size );font-weight:var( --e-global-typography-f18937b-font-weight );line-height:var( --e-global-typography-f18937b-line-height );letter-spacing:var( --e-global-typography-f18937b-letter-spacing );word-spacing:var( --e-global-typography-f18937b-word-spacing );}.elementor-5014 .elementor-element.elementor-element-15a7f15 > .elementor-widget-container{margin:1rem 0rem 0rem 0rem;}.elementor-5014 .elementor-element.elementor-element-49606ea.elementor-element{--align-self:center;--flex-grow:0;--flex-shrink:0;}@media(max-width:1280px){.elementor-5014 .elementor-element.elementor-element-3073899 .elementor-heading-title{font-size:var( --e-global-typography-8cfe2cc-font-size );line-height:var( --e-global-typography-8cfe2cc-line-height );letter-spacing:var( --e-global-typography-8cfe2cc-letter-spacing );word-spacing:var( --e-global-typography-8cfe2cc-word-spacing );}.elementor-5014 .elementor-element.elementor-element-50453fe .elementor-icon-list-item{font-size:var( --e-global-typography-f18937b-font-size );line-height:var( --e-global-typography-f18937b-line-height );letter-spacing:var( --e-global-typography-f18937b-letter-spacing );word-spacing:var( --e-global-typography-f18937b-word-spacing );}.elementor-5014 .elementor-element.elementor-element-15a7f15 .elementor-icon-list-item{font-size:var( --e-global-typography-f18937b-font-size );line-height:var( --e-global-typography-f18937b-line-height );letter-spacing:var( --e-global-typography-f18937b-letter-spacing );word-spacing:var( --e-global-typography-f18937b-word-spacing );}}@media(max-width:900px){.elementor-5014 .elementor-element.elementor-element-5182ad5{--gap:1.5rem 1.5rem;--row-gap:1.5rem;--column-gap:1.5rem;--flex-wrap:nowrap;}.elementor-5014 .elementor-element.elementor-element-3073899 .elementor-heading-title{font-size:var( --e-global-typography-8cfe2cc-font-size );line-height:var( --e-global-typography-8cfe2cc-line-height );letter-spacing:var( --e-global-typography-8cfe2cc-letter-spacing );word-spacing:var( --e-global-typography-8cfe2cc-word-spacing );}.elementor-5014 .elementor-element.elementor-element-50453fe .elementor-icon-list-item{font-size:var( --e-global-typography-f18937b-font-size );line-height:var( --e-global-typography-f18937b-line-height );letter-spacing:var( --e-global-typography-f18937b-letter-spacing );word-spacing:var( --e-global-typography-f18937b-word-spacing );}.elementor-5014 .elementor-element.elementor-element-15a7f15 .elementor-icon-list-item{font-size:var( --e-global-typography-f18937b-font-size );line-height:var( --e-global-typography-f18937b-line-height );letter-spacing:var( --e-global-typography-f18937b-letter-spacing );word-spacing:var( --e-global-typography-f18937b-word-spacing );}}@media(max-width:600px){.elementor-5014 .elementor-element.elementor-element-5182ad5{--flex-wrap:wrap;}.elementor-5014 .elementor-element.elementor-element-05eaf93 img{width:100%;}.elementor-5014 .elementor-element.elementor-element-3073899 .elementor-heading-title{font-size:var( --e-global-typography-8cfe2cc-font-size );line-height:var( --e-global-typography-8cfe2cc-line-height );letter-spacing:var( --e-global-typography-8cfe2cc-letter-spacing );word-spacing:var( --e-global-typography-8cfe2cc-word-spacing );}.elementor-5014 .elementor-element.elementor-element-50453fe .elementor-icon-list-item{font-size:var( --e-global-typography-f18937b-font-size );line-height:var( --e-global-typography-f18937b-line-height );letter-spacing:var( --e-global-typography-f18937b-letter-spacing );word-spacing:var( --e-global-typography-f18937b-word-spacing );}.elementor-5014 .elementor-element.elementor-element-15a7f15 .elementor-icon-list-item{font-size:var( --e-global-typography-f18937b-font-size );line-height:var( --e-global-typography-f18937b-line-height );letter-spacing:var( --e-global-typography-f18937b-letter-spacing );word-spacing:var( --e-global-typography-f18937b-word-spacing );}.elementor-5014 .elementor-element.elementor-element-15a7f15 > .elementor-widget-container{margin:0.5rem 0rem 0rem 0rem;}.elementor-5014 .elementor-element.elementor-element-49606ea.elementor-element{--flex-grow:1;--flex-shrink:0;}}\/* Start custom CSS for theme-post-featured-image, class: .elementor-element-05eaf93 *\/.elementor-5014 .elementor-element.elementor-element-05eaf93 img {\n    aspect-ratio: 1\/1;\n}\/* End custom CSS *\/\n\/* Start custom CSS for post-info, class: .elementor-element-15a7f15 *\/.elementor-post-info__terms-list {\n  font-size: 0;\n}\n\n.elementor-post-info__terms-list-item {\n  display: inline-block !important;\n  border:1px solid var(--e-global-color-text) !important;\n  padding: 8px 12px;\n  border-radius: 20px;\n  margin-right: 0.5rem;\n  font-size: var(--e-global-typography-c09dd27-font-size);\n  line-height: 1em;\n}\n\n@media (max-width: 900px) {\n    .elementor-post-info__terms-list-item {\n        font-size: 14px;\n    }\n}\/* End custom CSS *\/<\/style>\t\t<div data-elementor-type=\"loop-item\" data-elementor-id=\"5014\" class=\"elementor elementor-5014 e-loop-item e-loop-item-4497 post-4497 praxis type-praxis status-publish has-post-thumbnail hentry fachrichtung-hausarztmedizin fachrichtung-innere-medizin\" data-elementor-post-type=\"elementor_library\" data-custom-edit-handle=\"1\">\n\t\t\t<div class=\"elementor-element elementor-element-5182ad5 e-flex e-con-boxed e-con e-parent\" data-id=\"5182ad5\" data-element_type=\"container\" data-e-type=\"container\" data-settings=\"{&quot;background_background&quot;:&quot;classic&quot;}\">\n\t\t\t\t\t<div class=\"e-con-inner\">\n\t\t\t\t<div class=\"elementor-element elementor-element-05eaf93 elementor-widget elementor-widget-theme-post-featured-image elementor-widget-image\" data-id=\"05eaf93\" data-element_type=\"widget\" data-e-type=\"widget\" data-widget_type=\"theme-post-featured-image.default\">\n\t\t\t\t<div class=\"elementor-widget-container\">\n\t\t\t\t\t\t\t\t\t\t\t\t\t\t\t\t<a href=\"https:\/\/praxamed.ch\/fr\/praxisboerse\/attraktive-hausarztpraxis-zentrale-lage\/\">\n\t\t\t\t\t\t\t<img fetchpriority=\"high\" decoding=\"async\" width=\"300\" height=\"225\" src=\"https:\/\/praxamed.ch\/wp-content\/uploads\/IMG-6713.webp\" class=\"attachment-custom-300 size-custom-300 wp-image-4845\" alt=\"Empfang Praxis\" srcset=\"https:\/\/praxamed.ch\/wp-content\/uploads\/IMG-6713.webp 1920w, https:\/\/praxamed.ch\/wp-content\/uploads\/.\/IMG-6713-1200.webp 1200w, https:\/\/praxamed.ch\/wp-content\/uploads\/.\/IMG-6713-600.webp 600w, https:\/\/praxamed.ch\/wp-content\/uploads\/.\/IMG-6713-300.webp 300w, https:\/\/praxamed.ch\/wp-content\/uploads\/.\/IMG-6713-150x150.webp 150w\" sizes=\"(max-width: 300px) 100vw, 300px\" \/>\t\t\t\t\t\t\t\t<\/a>\n\t\t\t\t\t\t\t\t\t\t\t\t\t\t\t<\/div>\n\t\t\t\t<\/div>\n\t\t<div class=\"elementor-element elementor-element-3616729 e-con-full e-flex e-con e-child\" data-id=\"3616729\" data-element_type=\"container\" data-e-type=\"container\">\n\t\t\t\t<div class=\"elementor-element elementor-element-3073899 elementor-widget elementor-widget-theme-post-title elementor-page-title elementor-widget-heading\" data-id=\"3073899\" data-element_type=\"widget\" data-e-type=\"widget\" data-widget_type=\"theme-post-title.default\">\n\t\t\t\t<div class=\"elementor-widget-container\">\n\t\t\t\t\t<h3 class=\"elementor-heading-title elementor-size-default\"><a href=\"https:\/\/praxamed.ch\/fr\/praxisboerse\/attraktive-hausarztpraxis-zentrale-lage\/\">Attraktive Hausarztpraxis an zentraler Lage<\/a><\/h3>\t\t\t\t<\/div>\n\t\t\t\t<\/div>\n\t\t\t\t<div class=\"elementor-element elementor-element-50453fe elementor-widget elementor-widget-post-info\" data-id=\"50453fe\" data-element_type=\"widget\" data-e-type=\"widget\" data-widget_type=\"post-info.default\">\n\t\t\t\t<div class=\"elementor-widget-container\">\n\t\t\t\t\t\t\t<ul class=\"elementor-inline-items elementor-icon-list-items elementor-post-info\">\n\t\t\t\t\t\t\t\t<li class=\"elementor-icon-list-item elementor-repeater-item-2505344 elementor-inline-item\">\n\t\t\t\t\t\t\t\t\t\t\t\t\t<span class=\"elementor-icon-list-text elementor-post-info__item elementor-post-info__item--type-custom\">\n\t\t\t\t\t\t\t\t\t\tAgglomeration Bern\t\t\t\t\t<\/span>\n\t\t\t\t\t\t\t\t<\/li>\n\t\t\t\t<\/ul>\n\t\t\t\t\t\t<\/div>\n\t\t\t\t<\/div>\n\t\t\t\t<div class=\"elementor-element elementor-element-15a7f15 elementor-widget elementor-widget-post-info\" data-id=\"15a7f15\" data-element_type=\"widget\" data-e-type=\"widget\" data-widget_type=\"post-info.default\">\n\t\t\t\t<div class=\"elementor-widget-container\">\n\t\t\t\t\t\t\t<ul class=\"elementor-inline-items elementor-icon-list-items elementor-post-info\">\n\t\t\t\t\t\t\t\t<li class=\"elementor-icon-list-item elementor-repeater-item-2505344 elementor-inline-item\" itemprop=\"about\">\n\t\t\t\t\t\t\t\t\t\t\t\t\t<span class=\"elementor-icon-list-text elementor-post-info__item elementor-post-info__item--type-terms\">\n\t\t\t\t\t\t\t\t\t\t<span class=\"elementor-post-info__terms-list\">\n\t\t\t\t<span class=\"elementor-post-info__terms-list-item\">Hausarztmedizin<\/span>, <span class=\"elementor-post-info__terms-list-item\">Innere Medizin<\/span>\t\t\t\t<\/span>\n\t\t\t\t\t<\/span>\n\t\t\t\t\t\t\t\t<\/li>\n\t\t\t\t<\/ul>\n\t\t\t\t\t\t<\/div>\n\t\t\t\t<\/div>\n\t\t\t\t<\/div>\n\t\t\t\t<div class=\"elementor-element elementor-element-49606ea elementor-mobile-align-justify elementor-widget elementor-widget-button\" data-id=\"49606ea\" data-element_type=\"widget\" data-e-type=\"widget\" data-widget_type=\"button.default\">\n\t\t\t\t<div class=\"elementor-widget-container\">\n\t\t\t\t\t\t\t\t\t<div class=\"elementor-button-wrapper\">\n\t\t\t\t\t<a class=\"elementor-button elementor-button-link elementor-size-sm\" href=\"https:\/\/praxamed.ch\/fr\/praxisboerse\/attraktive-hausarztpraxis-zentrale-lage\/\">\n\t\t\t\t\t\t<span class=\"elementor-button-content-wrapper\">\n\t\t\t\t\t\t\t\t\t<span class=\"elementor-button-text\">Details<\/span>\n\t\t\t\t\t<\/span>\n\t\t\t\t\t<\/a>\n\t\t\t\t<\/div>\n\t\t\t\t\t\t\t\t<\/div>\n\t\t\t\t<\/div>\n\t\t\t\t\t<\/div>\n\t\t\t\t<\/div>\n\t\t\t\t<\/div>\n\t\t\t\t<\/div>\n\t\t\n\t\t\t\t\t\t<\/div>\n\t\t\t\t<\/div>\n\t\t\t\t\t<\/div>\n\t\t\t\t<\/div>\n\t\t\t\t<\/div>\n\t\t","protected":false},"excerpt":{"rendered":"<p>Cabinets m\u00e9dicaux rigoureusement s\u00e9lectionn\u00e9s \u00e0 vendre, offrant des perspectives de croissance Bourse aux cabinets m\u00e9dicaux<\/p>\n","protected":false},"author":3,"featured_media":0,"parent":0,"menu_order":0,"comment_status":"closed","ping_status":"closed","template":"","meta":{"_acf_changed":false,"footnotes":""},"class_list":["post-5113","page","type-page","status-publish","hentry"],"acf":[],"aioseo_notices":[],"_links":{"self":[{"href":"https:\/\/praxamed.ch\/fr\/wp-json\/wp\/v2\/pages\/5113","targetHints":{"allow":["GET"]}}],"collection":[{"href":"https:\/\/praxamed.ch\/fr\/wp-json\/wp\/v2\/pages"}],"about":[{"href":"https:\/\/praxamed.ch\/fr\/wp-json\/wp\/v2\/types\/page"}],"author":[{"embeddable":true,"href":"https:\/\/praxamed.ch\/fr\/wp-json\/wp\/v2\/users\/3"}],"replies":[{"embeddable":true,"href":"https:\/\/praxamed.ch\/fr\/wp-json\/wp\/v2\/comments?post=5113"}],"version-history":[{"count":3,"href":"https:\/\/praxamed.ch\/fr\/wp-json\/wp\/v2\/pages\/5113\/revisions"}],"predecessor-version":[{"id":5118,"href":"https:\/\/praxamed.ch\/fr\/wp-json\/wp\/v2\/pages\/5113\/revisions\/5118"}],"wp:attachment":[{"href":"https:\/\/praxamed.ch\/fr\/wp-json\/wp\/v2\/media?parent=5113"}],"curies":[{"name":"wp","href":"https:\/\/api.w.org\/{rel}","templated":true}]}}